{"id":21330,"date":"2021-08-01T07:33:45","date_gmt":"2021-08-01T07:33:45","guid":{"rendered":"https:\/\/keenitsolutions.com\/products\/wordpress\/bizup\/?page_id=21330"},"modified":"2025-12-10T07:54:17","modified_gmt":"2025-12-10T07:54:17","slug":"bizeulasin","status":"publish","type":"page","link":"https:\/\/pendikgunlukkiralik.com\/index.php\/bizeulasin\/","title":{"rendered":"Bize Ula\u015f\u0131n"},"content":{"rendered":"\n<p>Rezervasyon yaparak konaklaman\u0131z\u0131 \u00f6nceden planlam\u0131\u015f olursunuz. Bu sayede, seyahatiniz i\u00e7in konaklama konusunda endi\u015fe etmeden yolculu\u011funuza odaklanabilirsiniz.<br><br><\/p>\n\n\n\n<div class=\"wp-block-columns is-layout-flex wp-container-core-columns-is-layout-9d6595d7 wp-block-columns-is-layout-flex\">\n<div class=\"wp-block-column is-layout-flow wp-block-column-is-layout-flow\" style=\"flex-basis:350px\">\n<div class=\"wp-block-columns is-layout-flex wp-container-core-columns-is-layout-9d6595d7 wp-block-columns-is-layout-flex\">\n<div class=\"wp-block-column is-layout-flow wp-block-column-is-layout-flow\" style=\"flex-basis:80px\">\n<figure class=\"wp-block-image size-full is-resized\"><img loading=\"lazy\" decoding=\"async\" width=\"128\" height=\"128\" src=\"https:\/\/pendikgunlukkiralik.com\/wp-content\/uploads\/2022\/04\/phone_call.png\" alt=\"\" class=\"wp-image-27278\" style=\"width:66px;height:auto\" srcset=\"https:\/\/pendikgunlukkiralik.com\/wp-content\/uploads\/2022\/04\/phone_call.png 128w, https:\/\/pendikgunlukkiralik.com\/wp-content\/uploads\/2022\/04\/phone_call-100x100.png 100w\" sizes=\"auto, (max-width: 128px) 100vw, 128px\" \/><\/figure>\n<\/div>\n\n\n\n<div class=\"wp-block-column is-layout-flow wp-block-column-is-layout-flow\">\n<p> <a href=\"tel:+905465392525\">0 (546) 539 25 25<\/a><\/p>\n<\/div>\n<\/div>\n\n\n\n<div class=\"wp-block-columns is-layout-flex wp-container-core-columns-is-layout-9d6595d7 wp-block-columns-is-layout-flex\">\n<div class=\"wp-block-column is-layout-flow wp-block-column-is-layout-flow\" style=\"flex-basis:80px\">\n<figure class=\"wp-block-image\"><img decoding=\"async\" src=\"https:\/\/keenitsolutions.com\/products\/wordpress\/bizup\/wp-content\/uploads\/2021\/07\/chat.png\" alt=\"image\"\/><\/figure>\n<\/div>\n\n\n\n<div class=\"wp-block-column is-layout-flow wp-block-column-is-layout-flow\">\n<p><br>info@pendikgunlukkiralik.com<\/p>\n<\/div>\n<\/div>\n\n\n\n<div class=\"wp-block-columns is-layout-flex wp-container-core-columns-is-layout-9d6595d7 wp-block-columns-is-layout-flex\">\n<div class=\"wp-block-column is-layout-flow wp-block-column-is-layout-flow\" style=\"flex-basis:80px\">\n<figure class=\"wp-block-image\"><img decoding=\"async\" src=\"https:\/\/keenitsolutions.com\/products\/wordpress\/bizup\/wp-content\/uploads\/2021\/07\/location-1.png\" alt=\"image\"\/><\/figure>\n<\/div>\n\n\n\n<div class=\"wp-block-column is-layout-flow wp-block-column-is-layout-flow\">\n<p>\u015eeyhli Mah. Ak\u015femsettin Cad.<br>No:6 Pendik \/ \u0130STANBUL<\/p>\n<\/div>\n<\/div>\n<\/div>\n\n\n\n<div class=\"wp-block-column is-layout-flow wp-block-column-is-layout-flow\" style=\"flex-basis:950px\">\n<iframe src=\"https:\/\/www.google.com\/maps\/embed?pb=!1m18!1m12!1m3!1d41754.898215996676!2d29.24982209707362!3d40.91350581104261!2m3!1f0!2f0!3f0!3m2!1i1024!2i768!4f13.1!3m3!1m2!1s0x14cadbabef362c31%3A0xb057391388242b87!2zxZ5leWhsaSwgQWvFn2Vtc2VkZGluIENkIE5vOjYsIDM0OTA2IFBlbmRpay_EsHN0YW5idWw!5e0!3m2!1str!2str!4v1743170747281!5m2!1str!2str\" width=\"950\" height=\"420\" style=\"border:0;\" allowfullscreen=\"\" loading=\"lazy\" referrerpolicy=\"no-referrer-when-downgrade\"><\/iframe>\n<\/div>\n<\/div>\n","protected":false},"excerpt":{"rendered":"<p>Rezervasyon yaparak konaklaman\u0131z\u0131 \u00f6nceden planlam\u0131\u015f olursunuz. Bu sayede, seyahatiniz i\u00e7in konaklama konusunda endi\u015fe etmeden yolculu\u011funuza odaklanabilirsiniz. 0 (546) 539 25 25 info@pendikgunlukkiralik.com \u015eeyhli Mah. Ak\u015femsettin Cad.No:6 Pendik \/ \u0130STANBUL<\/p>\n","protected":false},"author":1,"featured_media":0,"parent":0,"menu_order":0,"comment_status":"closed","ping_status":"closed","template":"","meta":{"footnotes":""},"class_list":["post-21330","page","type-page","status-publish","hentry"],"_links":{"self":[{"href":"https:\/\/pendikgunlukkiralik.com\/index.php\/wp-json\/wp\/v2\/pages\/21330","targetHints":{"allow":["GET"]}}],"collection":[{"href":"https:\/\/pendikgunlukkiralik.com\/index.php\/wp-json\/wp\/v2\/pages"}],"about":[{"href":"https:\/\/pendikgunlukkiralik.com\/index.php\/wp-json\/wp\/v2\/types\/page"}],"author":[{"embeddable":true,"href":"https:\/\/pendikgunlukkiralik.com\/index.php\/wp-json\/wp\/v2\/users\/1"}],"replies":[{"embeddable":true,"href":"https:\/\/pendikgunlukkiralik.com\/index.php\/wp-json\/wp\/v2\/comments?post=21330"}],"version-history":[{"count":15,"href":"https:\/\/pendikgunlukkiralik.com\/index.php\/wp-json\/wp\/v2\/pages\/21330\/revisions"}],"predecessor-version":[{"id":27753,"href":"https:\/\/pendikgunlukkiralik.com\/index.php\/wp-json\/wp\/v2\/pages\/21330\/revisions\/27753"}],"wp:attachment":[{"href":"https:\/\/pendikgunlukkiralik.com\/index.php\/wp-json\/wp\/v2\/media?parent=21330"}],"curies":[{"name":"wp","href":"https:\/\/api.w.org\/{rel}","templated":true}]}}